{"id":58,"date":"2021-11-08T15:32:23","date_gmt":"2021-11-08T18:32:23","guid":{"rendered":"http:\/\/planar.oasoft.com.ar\/?page_id=58"},"modified":"2021-11-08T16:17:32","modified_gmt":"2021-11-08T19:17:32","slug":"inicio","status":"publish","type":"page","link":"https:\/\/planar.oasoft.com.ar\/","title":{"rendered":"Inicio"},"content":{"rendered":"\t\t<div data-elementor-type=\"wp-page\" data-elementor-id=\"58\" class=\"elementor elementor-58\" data-elementor-settings=\"[]\">\n\t\t\t\t\t\t\t<div class=\"elementor-section-wrap\">\n\t\t\t\t\t\t\t<section class=\"elementor-section elementor-top-section elementor-element elementor-element-7ddbce3 elementor-section-boxed elementor-section-height-default elementor-section-height-default\" data-id=\"7ddbce3\" data-element_type=\"section\">\n\t\t\t\t\t\t<div class=\"elementor-container elementor-column-gap-default\">\n\t\t\t\t\t<div class=\"elementor-column elementor-col-100 elementor-top-column elementor-element elementor-element-d4f1811\" data-id=\"d4f1811\" data-element_type=\"column\">\n\t\t\t<div class=\"elementor-widget-wrap elementor-element-populated\">\n\t\t\t\t\t\t\t\t<div class=\"elementor-element elementor-element-426f8fd elementor-widget elementor-widget-image\" data-id=\"426f8fd\" data-element_type=\"widget\" data-widget_type=\"image.default\">\n\t\t\t\t<div class=\"elementor-widget-container\">\n\t\t\t\t\t\t\t\t\t\t\t\t<figure class=\"wp-caption\">\n\t\t\t\t\t\t\t\t\t\t<img width=\"1024\" height=\"538\" src=\"https:\/\/planar.oasoft.com.ar\/wp-content\/uploads\/2021\/11\/span-agrimensura-y-topografia-03-1024x538.jpg\" class=\"attachment-large size-large\" alt=\"\" loading=\"lazy\" srcset=\"https:\/\/planar.oasoft.com.ar\/wp-content\/uploads\/2021\/11\/span-agrimensura-y-topografia-03-1024x538.jpg 1024w, https:\/\/planar.oasoft.com.ar\/wp-content\/uploads\/2021\/11\/span-agrimensura-y-topografia-03-300x158.jpg 300w, https:\/\/planar.oasoft.com.ar\/wp-content\/uploads\/2021\/11\/span-agrimensura-y-topografia-03-768x403.jpg 768w, https:\/\/planar.oasoft.com.ar\/wp-content\/uploads\/2021\/11\/span-agrimensura-y-topografia-03-600x315.jpg 600w, https:\/\/planar.oasoft.com.ar\/wp-content\/uploads\/2021\/11\/span-agrimensura-y-topografia-03.jpg 1200w\" sizes=\"(max-width: 1024px) 100vw, 1024px\" \/>\t\t\t\t\t\t\t\t\t\t\t<figcaption class=\"widget-image-caption wp-caption-text\"><\/figcaption>\n\t\t\t\t\t\t\t\t\t\t<\/figure>\n\t\t\t\t\t\t\t\t\t<\/div>\n\t\t\t\t<\/div>\n\t\t\t\t\t<\/div>\n\t\t<\/div>\n\t\t\t\t\t\t\t<\/div>\n\t\t<\/section>\n\t\t\t\t<section class=\"elementor-section elementor-top-section elementor-element elementor-element-5b2645f elementor-section-boxed elementor-section-height-default elementor-section-height-default\" data-id=\"5b2645f\" data-element_type=\"section\">\n\t\t\t\t\t\t<div class=\"elementor-container elementor-column-gap-default\">\n\t\t\t\t\t<div class=\"elementor-column elementor-col-100 elementor-top-column elementor-element elementor-element-1c58b70\" data-id=\"1c58b70\" data-element_type=\"column\">\n\t\t\t<div class=\"elementor-widget-wrap elementor-element-populated\">\n\t\t\t\t\t\t\t\t<div class=\"elementor-element elementor-element-84b1ef8 elementor-widget elementor-widget-image\" data-id=\"84b1ef8\" data-element_type=\"widget\" data-widget_type=\"image.default\">\n\t\t\t\t<div class=\"elementor-widget-container\">\n\t\t\t\t\t\t\t\t\t\t\t\t\t\t\t<img width=\"1024\" height=\"200\" src=\"https:\/\/planar.oasoft.com.ar\/wp-content\/uploads\/2021\/11\/WhatsApp-Image-2021-11-08-at-2.57.45-PM.jpeg\" class=\"attachment-large size-large\" alt=\"\" loading=\"lazy\" srcset=\"https:\/\/planar.oasoft.com.ar\/wp-content\/uploads\/2021\/11\/WhatsApp-Image-2021-11-08-at-2.57.45-PM.jpeg 1024w, https:\/\/planar.oasoft.com.ar\/wp-content\/uploads\/2021\/11\/WhatsApp-Image-2021-11-08-at-2.57.45-PM-300x59.jpeg 300w, https:\/\/planar.oasoft.com.ar\/wp-content\/uploads\/2021\/11\/WhatsApp-Image-2021-11-08-at-2.57.45-PM-768x150.jpeg 768w, https:\/\/planar.oasoft.com.ar\/wp-content\/uploads\/2021\/11\/WhatsApp-Image-2021-11-08-at-2.57.45-PM-600x117.jpeg 600w\" sizes=\"(max-width: 1024px) 100vw, 1024px\" \/>\t\t\t\t\t\t\t\t\t\t\t\t\t\t\t<\/div>\n\t\t\t\t<\/div>\n\t\t\t\t\t<\/div>\n\t\t<\/div>\n\t\t\t\t\t\t\t<\/div>\n\t\t<\/section>\n\t\t\t\t<section class=\"elementor-section elementor-top-section elementor-element elementor-element-ace270a elementor-section-boxed elementor-section-height-default elementor-section-height-default\" data-id=\"ace270a\" data-element_type=\"section\">\n\t\t\t\t\t\t<div class=\"elementor-container elementor-column-gap-default\">\n\t\t\t\t\t<div class=\"elementor-column elementor-col-100 elementor-top-column elementor-element elementor-element-ecf9094\" data-id=\"ecf9094\" data-element_type=\"column\">\n\t\t\t<div class=\"elementor-widget-wrap elementor-element-populated\">\n\t\t\t\t\t\t\t\t<div class=\"elementor-element elementor-element-c2f9930 elementor-widget elementor-widget-heading\" data-id=\"c2f9930\" data-element_type=\"widget\" data-widget_type=\"heading.default\">\n\t\t\t\t<div class=\"elementor-widget-container\">\n\t\t\t<h2 class=\"elementor-heading-title elementor-size-default\"><br>El agrimensor determina y verifica por mensura, l\u00edmites de objetos territoriales legales de derecho p\u00fablico y privado, parcelas y estado parcelario.\n\nAdem\u00e1s es el encargado de realizar la georreferenciaci\u00f3n de los objetos territoriales determinados por Mensura y su Registraci\u00f3n Catastral.\n\n<br><\/h2>\t\t<\/div>\n\t\t\t\t<\/div>\n\t\t\t\t\t<\/div>\n\t\t<\/div>\n\t\t\t\t\t\t\t<\/div>\n\t\t<\/section>\n\t\t\t\t<section class=\"elementor-section elementor-top-section elementor-element elementor-element-c844f0d elementor-section-boxed elementor-section-height-default elementor-section-height-default\" data-id=\"c844f0d\" data-element_type=\"section\">\n\t\t\t\t\t\t<div class=\"elementor-container elementor-column-gap-default\">\n\t\t\t\t\t<div class=\"elementor-column elementor-col-100 elementor-top-column elementor-element elementor-element-e4d0188\" data-id=\"e4d0188\" data-element_type=\"column\">\n\t\t\t<div class=\"elementor-widget-wrap elementor-element-populated\">\n\t\t\t\t\t\t\t\t<div class=\"elementor-element elementor-element-1133727 elementor-aspect-ratio-169 elementor-widget elementor-widget-video\" data-id=\"1133727\" data-element_type=\"widget\" data-settings=\"{&quot;youtube_url&quot;:&quot;https:\\\/\\\/www.youtube.com\\\/watch?v=dX8HVhtHXTI&quot;,&quot;video_type&quot;:&quot;youtube&quot;,&quot;controls&quot;:&quot;yes&quot;,&quot;aspect_ratio&quot;:&quot;169&quot;}\" data-widget_type=\"video.default\">\n\t\t\t\t<div class=\"elementor-widget-container\">\n\t\t\t\t\t<div class=\"elementor-wrapper elementor-fit-aspect-ratio elementor-open-inline\">\n\t\t\t<div class=\"elementor-video\"><\/div>\t\t<\/div>\n\t\t\t\t<\/div>\n\t\t\t\t<\/div>\n\t\t\t\t\t<\/div>\n\t\t<\/div>\n\t\t\t\t\t\t\t<\/div>\n\t\t<\/section>\n\t\t\t\t\t\t<\/div>\n\t\t\t\t\t<\/div>\n\t\t","protected":false},"excerpt":{"rendered":"<p>El agrimensor determina y verifica por mensura, l\u00edmites de objetos territoriales legales de derecho p\u00fablico y privado, parcelas y estado parcelario. Adem\u00e1s es el encargado de realizar la georreferenciaci\u00f3n de los objetos territoriales determinados por Mensura y su Registraci\u00f3n Catastral.<\/p>\n","protected":false},"author":1,"featured_media":0,"parent":0,"menu_order":0,"comment_status":"closed","ping_status":"closed","template":"","meta":{"site-sidebar-layout":"no-sidebar","site-content-layout":"page-builder","ast-main-header-display":"","ast-hfb-above-header-display":"","ast-hfb-below-header-display":"","ast-hfb-mobile-header-display":"","site-post-title":"disabled","ast-breadcrumbs-content":"","ast-featured-img":"disabled","footer-sml-layout":"","theme-transparent-header-meta":"","adv-header-id-meta":"","stick-header-meta":"","header-above-stick-meta":"","header-main-stick-meta":"","header-below-stick-meta":""},"_links":{"self":[{"href":"https:\/\/planar.oasoft.com.ar\/index.php?rest_route=\/wp\/v2\/pages\/58"}],"collection":[{"href":"https:\/\/planar.oasoft.com.ar\/index.php?rest_route=\/wp\/v2\/pages"}],"about":[{"href":"https:\/\/planar.oasoft.com.ar\/index.php?rest_route=\/wp\/v2\/types\/page"}],"author":[{"embeddable":true,"href":"https:\/\/planar.oasoft.com.ar\/index.php?rest_route=\/wp\/v2\/users\/1"}],"replies":[{"embeddable":true,"href":"https:\/\/planar.oasoft.com.ar\/index.php?rest_route=%2Fwp%2Fv2%2Fcomments&post=58"}],"version-history":[{"count":16,"href":"https:\/\/planar.oasoft.com.ar\/index.php?rest_route=\/wp\/v2\/pages\/58\/revisions"}],"predecessor-version":[{"id":95,"href":"https:\/\/planar.oasoft.com.ar\/index.php?rest_route=\/wp\/v2\/pages\/58\/revisions\/95"}],"wp:attachment":[{"href":"https:\/\/planar.oasoft.com.ar\/index.php?rest_route=%2Fwp%2Fv2%2Fmedia&parent=58"}],"curies":[{"name":"wp","href":"https:\/\/api.w.org\/{rel}","templated":true}]}}