{"id":2,"date":"2021-11-08T14:25:47","date_gmt":"2021-11-08T17:25:47","guid":{"rendered":"http:\/\/planar.oasoft.com.ar\/?page_id=2"},"modified":"2021-11-10T17:53:49","modified_gmt":"2021-11-10T20:53:49","slug":"pagina-ejemplo","status":"publish","type":"page","link":"https:\/\/planar.oasoft.com.ar\/?page_id=2","title":{"rendered":"Sobre Nosotros"},"content":{"rendered":"\t\t<div data-elementor-type=\"wp-page\" data-elementor-id=\"2\" class=\"elementor elementor-2\" data-elementor-settings=\"[]\">\n\t\t\t\t\t\t\t<div class=\"elementor-section-wrap\">\n\t\t\t\t\t\t\t<section class=\"elementor-section elementor-top-section elementor-element elementor-element-0369239 elementor-section-boxed elementor-section-height-default elementor-section-height-default\" data-id=\"0369239\" data-element_type=\"section\">\n\t\t\t\t\t\t\t<div class=\"elementor-background-overlay\"><\/div>\n\t\t\t\t\t\t\t<div class=\"elementor-container elementor-column-gap-default\">\n\t\t\t\t\t<div class=\"elementor-column elementor-col-100 elementor-top-column elementor-element elementor-element-edef5df\" data-id=\"edef5df\" data-element_type=\"column\">\n\t\t\t<div class=\"elementor-widget-wrap elementor-element-populated\">\n\t\t\t\t\t\t\t\t<div class=\"elementor-element elementor-element-8bf5261 elementor-widget elementor-widget-text-editor\" data-id=\"8bf5261\" data-element_type=\"widget\" data-widget_type=\"text-editor.default\">\n\t\t\t\t<div class=\"elementor-widget-container\">\n\t\t\t\t\t\t\t<p>\u00a0<\/p>\n<p>\u00a0<\/p>\n<p>\u00a0<\/p>\n<p>PLAN.AR ofrece un servicio eficiente para todos los casos, brindando seguridad en las operaciones inmobiliarias, asesorando en las subdisiviones de la tierra y marcando los l\u00edmites dominiales de las parcelas.<\/p>\n<p>\u00a0<\/p>\t\t\t\t\t\t<\/div>\n\t\t\t\t<\/div>\n\t\t\t\t\t<\/div>\n\t\t<\/div>\n\t\t\t\t\t\t\t<\/div>\n\t\t<\/section>\n\t\t\t\t<section class=\"elementor-section elementor-top-section elementor-element elementor-element-5e2fbb4 elementor-section-boxed elementor-section-height-default elementor-section-height-default\" data-id=\"5e2fbb4\" data-element_type=\"section\">\n\t\t\t\t\t\t<div class=\"elementor-container elementor-column-gap-default\">\n\t\t\t\t\t<div class=\"elementor-column elementor-col-100 elementor-top-column elementor-element elementor-element-ea88b22\" data-id=\"ea88b22\" data-element_type=\"column\">\n\t\t\t<div class=\"elementor-widget-wrap elementor-element-populated\">\n\t\t\t\t\t\t\t\t<div class=\"elementor-element elementor-element-cd1d52f elementor-widget elementor-widget-heading\" data-id=\"cd1d52f\" data-element_type=\"widget\" data-widget_type=\"heading.default\">\n\t\t\t\t<div class=\"elementor-widget-container\">\n\t\t\t<h2 class=\"elementor-heading-title elementor-size-default\">OBJETIVOS DE PLANAR<\/h2>\t\t<\/div>\n\t\t\t\t<\/div>\n\t\t\t\t\t<\/div>\n\t\t<\/div>\n\t\t\t\t\t\t\t<\/div>\n\t\t<\/section>\n\t\t\t\t<section class=\"elementor-section elementor-top-section elementor-element elementor-element-255b1b8 elementor-section-boxed elementor-section-height-default elementor-section-height-default\" data-id=\"255b1b8\" data-element_type=\"section\">\n\t\t\t\t\t\t<div class=\"elementor-container elementor-column-gap-default\">\n\t\t\t\t\t<div class=\"elementor-column elementor-col-50 elementor-top-column elementor-element elementor-element-8b99b7e\" data-id=\"8b99b7e\" data-element_type=\"column\">\n\t\t\t<div class=\"elementor-widget-wrap elementor-element-populated\">\n\t\t\t\t\t\t\t\t<div class=\"elementor-element elementor-element-db1d42e elementor-widget elementor-widget-image\" data-id=\"db1d42e\" data-element_type=\"widget\" data-widget_type=\"image.default\">\n\t\t\t\t<div class=\"elementor-widget-container\">\n\t\t\t\t\t\t\t\t\t\t\t\t\t\t\t<img width=\"265\" height=\"190\" src=\"https:\/\/planar.oasoft.com.ar\/wp-content\/uploads\/2021\/11\/objetivos.png\" class=\"attachment-large size-large\" alt=\"\" loading=\"lazy\" \/>\t\t\t\t\t\t\t\t\t\t\t\t\t\t\t<\/div>\n\t\t\t\t<\/div>\n\t\t\t\t\t<\/div>\n\t\t<\/div>\n\t\t\t\t<div class=\"elementor-column elementor-col-50 elementor-top-column elementor-element elementor-element-ce52094\" data-id=\"ce52094\" data-element_type=\"column\">\n\t\t\t<div class=\"elementor-widget-wrap elementor-element-populated\">\n\t\t\t\t\t\t\t\t<div class=\"elementor-element elementor-element-c8414e9 elementor-widget elementor-widget-text-editor\" data-id=\"c8414e9\" data-element_type=\"widget\" data-widget_type=\"text-editor.default\">\n\t\t\t\t<div class=\"elementor-widget-container\">\n\t\t\t\t\t\t\t<p>\u00a0<\/p>\n<ul>\n<li>\n<h5>SER L\u00cdDERES EN URBANIZACI\u00d3N URBANA<\/h5>\n<\/li>\n<li>\n<h5>SIEMPRE SOSTENER OPERADORES CAPACITADOS<\/h5>\n<\/li>\n<li>\n<h5>SUPERAR LOS 10 PROYECTOS URBAN\u00cdSTICOS AL CABO DE 1 A\u00d1O<\/h5>\n<\/li>\n<\/ul>\t\t\t\t\t\t<\/div>\n\t\t\t\t<\/div>\n\t\t\t\t\t<\/div>\n\t\t<\/div>\n\t\t\t\t\t\t\t<\/div>\n\t\t<\/section>\n\t\t\t\t<section class=\"elementor-section elementor-top-section elementor-element elementor-element-bbdb943 elementor-section-boxed elementor-section-height-default elementor-section-height-default\" data-id=\"bbdb943\" data-element_type=\"section\">\n\t\t\t\t\t\t<div class=\"elementor-container elementor-column-gap-default\">\n\t\t\t\t\t<div class=\"elementor-column elementor-col-100 elementor-top-column elementor-element elementor-element-6bd109d\" data-id=\"6bd109d\" data-element_type=\"column\">\n\t\t\t<div class=\"elementor-widget-wrap elementor-element-populated\">\n\t\t\t\t\t\t\t\t<div class=\"elementor-element elementor-element-916c048 elementor-widget elementor-widget-heading\" data-id=\"916c048\" data-element_type=\"widget\" data-widget_type=\"heading.default\">\n\t\t\t\t<div class=\"elementor-widget-container\">\n\t\t\t<h2 class=\"elementor-heading-title elementor-size-default\">MISI\u00d3N - VISI\u00d3N<\/h2>\t\t<\/div>\n\t\t\t\t<\/div>\n\t\t\t\t\t<\/div>\n\t\t<\/div>\n\t\t\t\t\t\t\t<\/div>\n\t\t<\/section>\n\t\t\t\t<section class=\"elementor-section elementor-top-section elementor-element elementor-element-471e70e6 elementor-section-boxed elementor-section-height-default elementor-section-height-default\" data-id=\"471e70e6\" data-element_type=\"section\">\n\t\t\t\t\t\t<div class=\"elementor-container elementor-column-gap-default\">\n\t\t\t\t\t<div class=\"elementor-column elementor-col-100 elementor-top-column elementor-element elementor-element-aa8a591\" data-id=\"aa8a591\" data-element_type=\"column\">\n\t\t\t<div class=\"elementor-widget-wrap elementor-element-populated\">\n\t\t\t\t\t\t\t\t<div class=\"elementor-element elementor-element-67775eb1 elementor-widget elementor-widget-text-editor\" data-id=\"67775eb1\" data-element_type=\"widget\" data-widget_type=\"text-editor.default\">\n\t\t\t\t<div class=\"elementor-widget-container\">\n\t\t\t\t\t\t\t<p><!-- wp:paragraph --><\/p>\n<p><img loading=\"lazy\" class=\"wp-image-78 aligncenter\" src=\"http:\/\/planar.oasoft.com.ar\/wp-content\/uploads\/2021\/11\/mision-300x300.png\" alt=\"\" width=\"169\" height=\"169\" srcset=\"https:\/\/planar.oasoft.com.ar\/wp-content\/uploads\/2021\/11\/mision.png 300w, https:\/\/planar.oasoft.com.ar\/wp-content\/uploads\/2021\/11\/mision-150x150.png 150w, https:\/\/planar.oasoft.com.ar\/wp-content\/uploads\/2021\/11\/mision-100x100.png 100w\" sizes=\"(max-width: 169px) 100vw, 169px\" \/><\/p>\n<p><!-- \/wp:paragraph --><\/p>\n<p><!-- wp:paragraph --><\/p>\n<p><strong><em>\u00abLograr organizar el territorio de forma armoniosa entre lo urbano y lo natural, con calidad de servicio\u00bb<\/em><\/strong><\/p>\n<p><!-- \/wp:paragraph --><\/p>\n<p><!-- wp:paragraph --><\/p>\n<p><strong><img loading=\"lazy\" class=\" wp-image-79 aligncenter\" src=\"http:\/\/planar.oasoft.com.ar\/wp-content\/uploads\/2021\/11\/vision.jpg\" alt=\"\" width=\"191\" height=\"191\" srcset=\"https:\/\/planar.oasoft.com.ar\/wp-content\/uploads\/2021\/11\/vision.jpg 225w, https:\/\/planar.oasoft.com.ar\/wp-content\/uploads\/2021\/11\/vision-150x150.jpg 150w, https:\/\/planar.oasoft.com.ar\/wp-content\/uploads\/2021\/11\/vision-100x100.jpg 100w\" sizes=\"(max-width: 191px) 100vw, 191px\" \/><\/strong><strong><em>\u00abSer prestigiosamente reconocidos a nivel nacional e internacional, por el desempe\u00f1o en organizaci\u00f3n urbana, tanto a nivel econ\u00f3mico, como en lo paisaj\u00edstica\u00bb<\/em><\/strong><\/p>\n<p><!-- \/wp:paragraph --><\/p>\n<p><!-- wp:paragraph --><\/p>\n<p><!-- \/wp:paragraph --><\/p>\t\t\t\t\t\t<\/div>\n\t\t\t\t<\/div>\n\t\t\t\t\t<\/div>\n\t\t<\/div>\n\t\t\t\t\t\t\t<\/div>\n\t\t<\/section>\n\t\t\t\t\t\t<\/div>\n\t\t\t\t\t<\/div>\n\t\t","protected":false},"excerpt":{"rendered":"<p>\u00a0 \u00a0 \u00a0 PLAN.AR ofrece un servicio eficiente para todos los casos, brindando seguridad en las operaciones inmobiliarias, asesorando en las subdisiviones de la tierra y marcando los l\u00edmites dominiales de las parcelas. \u00a0 OBJETIVOS DE PLANAR \u00a0 SER L\u00cdDERES EN URBANIZACI\u00d3N URBANA SIEMPRE SOSTENER OPERADORES CAPACITADOS SUPERAR LOS 10 PROYECTOS URBAN\u00cdSTICOS AL CABO DE &hellip;<\/p>\n<p class=\"read-more\"> <a class=\"\" href=\"https:\/\/planar.oasoft.com.ar\/?page_id=2\"> <span class=\"screen-reader-text\">Sobre Nosotros<\/span> Leer m\u00e1s &raquo;<\/a><\/p>\n","protected":false},"author":1,"featured_media":0,"parent":0,"menu_order":0,"comment_status":"closed","ping_status":"open","template":"","meta":{"site-sidebar-layout":"","site-content-layout":"","ast-main-header-display":"","ast-hfb-above-header-display":"","ast-hfb-below-header-display":"","ast-hfb-mobile-header-display":"","site-post-title":"","ast-breadcrumbs-content":"","ast-featured-img":"","footer-sml-layout":"","theme-transparent-header-meta":"","adv-header-id-meta":"","stick-header-meta":"","header-above-stick-meta":"","header-main-stick-meta":"","header-below-stick-meta":""},"_links":{"self":[{"href":"https:\/\/planar.oasoft.com.ar\/index.php?rest_route=\/wp\/v2\/pages\/2"}],"collection":[{"href":"https:\/\/planar.oasoft.com.ar\/index.php?rest_route=\/wp\/v2\/pages"}],"about":[{"href":"https:\/\/planar.oasoft.com.ar\/index.php?rest_route=\/wp\/v2\/types\/page"}],"author":[{"embeddable":true,"href":"https:\/\/planar.oasoft.com.ar\/index.php?rest_route=\/wp\/v2\/users\/1"}],"replies":[{"embeddable":true,"href":"https:\/\/planar.oasoft.com.ar\/index.php?rest_route=%2Fwp%2Fv2%2Fcomments&post=2"}],"version-history":[{"count":22,"href":"https:\/\/planar.oasoft.com.ar\/index.php?rest_route=\/wp\/v2\/pages\/2\/revisions"}],"predecessor-version":[{"id":153,"href":"https:\/\/planar.oasoft.com.ar\/index.php?rest_route=\/wp\/v2\/pages\/2\/revisions\/153"}],"wp:attachment":[{"href":"https:\/\/planar.oasoft.com.ar\/index.php?rest_route=%2Fwp%2Fv2%2Fmedia&parent=2"}],"curies":[{"name":"wp","href":"https:\/\/api.w.org\/{rel}","templated":true}]}}