{"id":107,"date":"2021-11-10T17:20:09","date_gmt":"2021-11-10T20:20:09","guid":{"rendered":"https:\/\/planar.oasoft.com.ar\/?page_id=107"},"modified":"2021-11-10T17:30:20","modified_gmt":"2021-11-10T20:30:20","slug":"que-es-planar","status":"publish","type":"page","link":"https:\/\/planar.oasoft.com.ar\/?page_id=107","title":{"rendered":"Qu\u00e9 es PlanAR?"},"content":{"rendered":"\t\t<div data-elementor-type=\"wp-page\" data-elementor-id=\"107\" class=\"elementor elementor-107\" data-elementor-settings=\"[]\">\n\t\t\t\t\t\t\t<div class=\"elementor-section-wrap\">\n\t\t\t\t\t\t\t<section class=\"elementor-section elementor-top-section elementor-element elementor-element-e066a63 elementor-section-boxed elementor-section-height-default elementor-section-height-default\" data-id=\"e066a63\" data-element_type=\"section\">\n\t\t\t\t\t\t<div class=\"elementor-container elementor-column-gap-default\">\n\t\t\t\t\t<div class=\"elementor-column elementor-col-100 elementor-top-column elementor-element elementor-element-48354f5\" data-id=\"48354f5\" data-element_type=\"column\">\n\t\t\t<div class=\"elementor-widget-wrap elementor-element-populated\">\n\t\t\t\t\t\t\t\t<div class=\"elementor-element elementor-element-8dd9324 elementor-widget elementor-widget-text-editor\" data-id=\"8dd9324\" data-element_type=\"widget\" data-widget_type=\"text-editor.default\">\n\t\t\t\t<div class=\"elementor-widget-container\">\n\t\t\t\t\t\t\t<h2><em><strong>Qu\u00e9 es PlanAR?<\/strong><\/em><\/h2>\t\t\t\t\t\t<\/div>\n\t\t\t\t<\/div>\n\t\t\t\t\t<\/div>\n\t\t<\/div>\n\t\t\t\t\t\t\t<\/div>\n\t\t<\/section>\n\t\t\t\t<section class=\"elementor-section elementor-top-section elementor-element elementor-element-3d7b4ed elementor-section-boxed elementor-section-height-default elementor-section-height-default\" data-id=\"3d7b4ed\" data-element_type=\"section\">\n\t\t\t\t\t\t<div class=\"elementor-container elementor-column-gap-default\">\n\t\t\t\t\t<div class=\"elementor-column elementor-col-100 elementor-top-column elementor-element elementor-element-08af053\" data-id=\"08af053\" data-element_type=\"column\">\n\t\t\t<div class=\"elementor-widget-wrap elementor-element-populated\">\n\t\t\t\t\t\t\t\t<div class=\"elementor-element elementor-element-4c5974f elementor-widget elementor-widget-text-editor\" data-id=\"4c5974f\" data-element_type=\"widget\" data-widget_type=\"text-editor.default\">\n\t\t\t\t<div class=\"elementor-widget-container\">\n\t\t\t\t\t\t\t<h4><em>Somos una empresa de planificaci\u00f3n y urbanizaci\u00f3n.\u00a0<\/em><br \/><em>Nos encargamos del estudio de los asentamientos humanos, para su diagn\u00f3stico, comprensi\u00f3n e intervenci\u00f3n.\u00a0<\/em><\/h4><h4><em>Contamos con un equipo multidisciplinar que cubre todos los campos t\u00e9cnicos necesarios para la redacci\u00f3n de proyectos de planeamiento urbano y territorial.<\/em><\/h4>\t\t\t\t\t\t<\/div>\n\t\t\t\t<\/div>\n\t\t\t\t\t<\/div>\n\t\t<\/div>\n\t\t\t\t\t\t\t<\/div>\n\t\t<\/section>\n\t\t\t\t\t\t<\/div>\n\t\t\t\t\t<\/div>\n\t\t","protected":false},"excerpt":{"rendered":"<p>Qu\u00e9 es PlanAR? Somos una empresa de planificaci\u00f3n y urbanizaci\u00f3n.\u00a0Nos encargamos del estudio de los asentamientos humanos, para su diagn\u00f3stico, comprensi\u00f3n e intervenci\u00f3n.\u00a0 Contamos con un equipo multidisciplinar que cubre todos los campos t\u00e9cnicos necesarios para la redacci\u00f3n de proyectos de planeamiento urbano y territorial.<\/p>\n","protected":false},"author":1,"featured_media":0,"parent":0,"menu_order":0,"comment_status":"closed","ping_status":"closed","template":"","meta":{"site-sidebar-layout":"no-sidebar","site-content-layout":"page-builder","ast-main-header-display":"","ast-hfb-above-header-display":"","ast-hfb-below-header-display":"","ast-hfb-mobile-header-display":"","site-post-title":"disabled","ast-breadcrumbs-content":"","ast-featured-img":"disabled","footer-sml-layout":"","theme-transparent-header-meta":"","adv-header-id-meta":"","stick-header-meta":"","header-above-stick-meta":"","header-main-stick-meta":"","header-below-stick-meta":""},"_links":{"self":[{"href":"https:\/\/planar.oasoft.com.ar\/index.php?rest_route=\/wp\/v2\/pages\/107"}],"collection":[{"href":"https:\/\/planar.oasoft.com.ar\/index.php?rest_route=\/wp\/v2\/pages"}],"about":[{"href":"https:\/\/planar.oasoft.com.ar\/index.php?rest_route=\/wp\/v2\/types\/page"}],"author":[{"embeddable":true,"href":"https:\/\/planar.oasoft.com.ar\/index.php?rest_route=\/wp\/v2\/users\/1"}],"replies":[{"embeddable":true,"href":"https:\/\/planar.oasoft.com.ar\/index.php?rest_route=%2Fwp%2Fv2%2Fcomments&post=107"}],"version-history":[{"count":11,"href":"https:\/\/planar.oasoft.com.ar\/index.php?rest_route=\/wp\/v2\/pages\/107\/revisions"}],"predecessor-version":[{"id":119,"href":"https:\/\/planar.oasoft.com.ar\/index.php?rest_route=\/wp\/v2\/pages\/107\/revisions\/119"}],"wp:attachment":[{"href":"https:\/\/planar.oasoft.com.ar\/index.php?rest_route=%2Fwp%2Fv2%2Fmedia&parent=107"}],"curies":[{"name":"wp","href":"https:\/\/api.w.org\/{rel}","templated":true}]}}